{"id":954,"date":"2016-07-15T14:19:56","date_gmt":"2016-07-15T14:19:56","guid":{"rendered":"http:\/\/test.kriesi.at\/enfold-medical\/?page_id=954"},"modified":"2021-11-21T18:00:31","modified_gmt":"2021-11-21T17:00:31","slug":"kontakt","status":"publish","type":"page","link":"https:\/\/www.rinowweb.de\/maschol\/kundeninfo\/kontakt\/","title":{"rendered":"Kontakt"},"content":{"rendered":"<section  class='av_textblock_section av-9rlde-e5898d544a61b2682b85b16801f51042 '   itemscope=\"itemscope\" itemtype=\"https:\/\/schema.org\/CreativeWork\" ><div class='avia_textblock'  itemprop=\"text\" ><p>Dein Kontakt zu MaSchOl<\/p>\n<\/div><\/section>\n<\/div><\/div><\/div><!-- close content main div --><\/div><\/div><div id='av-layout-grid-1'  class='av-layout-grid-container av-3znmz6-f261ea6a19a67a36367cd24bf4acbbb7 entry-content-wrapper main_color av-fixed-cells  avia-builder-el-1  el_after_av_textblock  el_before_av_section  grid-row-not-first  container_wrap sidebar_right'  >\n\n<style type=\"text\/css\" data-created_by=\"avia_inline_auto\" id=\"style-css-av-3tm3yi-19d621b67f945ff701bc828b8d68d17c\">\n.flex_cell.av-3tm3yi-19d621b67f945ff701bc828b8d68d17c{\nvertical-align:top;\nbackground-color:#c8e6d2;\n}\n.responsive #top #wrap_all .flex_cell.av-3tm3yi-19d621b67f945ff701bc828b8d68d17c{\npadding:9px 0px 0px 0px !important;\n}\n<\/style>\n<div class='flex_cell av-3tm3yi-19d621b67f945ff701bc828b8d68d17c av-gridrow-cell av_one_half no_margin  avia-builder-el-2  el_before_av_cell_one_half  avia-builder-el-first  content-align-top'  ><div class='flex_cell_inner'><\/div><\/div>\n<style type=\"text\/css\" data-created_by=\"avia_inline_auto\" id=\"style-css-av-3oe4ze-f267aef809115b79a9b08f8b4d88eddc\">\n.flex_cell.av-3oe4ze-f267aef809115b79a9b08f8b4d88eddc{\nvertical-align:top;\nbackground-color:#c8e6d2;\n}\n.responsive #top #wrap_all .flex_cell.av-3oe4ze-f267aef809115b79a9b08f8b4d88eddc{\npadding:9px 0px 0px 0px !important;\n}\n<\/style>\n<div class='flex_cell av-3oe4ze-f267aef809115b79a9b08f8b4d88eddc av-gridrow-cell av_one_half no_margin  avia-builder-el-3  el_after_av_cell_one_half  avia-builder-el-last  content-align-top'  ><div class='flex_cell_inner'><\/div><\/div>\n<\/div>\n<div id='av_section_1'  class='avia-section av-3l6hei-9e92f5c2cce57d4994724d096a8d9fcd main_color avia-section-huge avia-no-border-styling  avia-builder-el-4  el_after_av_layout_row  avia-builder-el-last  avia-bg-style-scroll container_wrap sidebar_right'  ><div class='container av-section-cont-open' ><div class='template-page content  av-content-small alpha units'><div class='post-entry post-entry-type-page post-entry-954'><div class='entry-content-wrapper clearfix'>\n<div class='flex_column_table av-3c2jui-9527d25cb2c7bd95f5ef1cd1fd17b6fc sc-av_one_third av-equal-height-column-flextable'>\n<style type=\"text\/css\" data-created_by=\"avia_inline_auto\" id=\"style-css-av-3c2jui-9527d25cb2c7bd95f5ef1cd1fd17b6fc\">\n#top .flex_column_table.av-equal-height-column-flextable.av-3c2jui-9527d25cb2c7bd95f5ef1cd1fd17b6fc{\nmargin-top:-200px;\nmargin-bottom:0px;\n}\n.flex_column.av-3c2jui-9527d25cb2c7bd95f5ef1cd1fd17b6fc{\nborder-radius:0px 0px 0px 0px;\npadding:40px 40px 40px 40px;\n}\n<\/style>\n<div  class='flex_column av-3c2jui-9527d25cb2c7bd95f5ef1cd1fd17b6fc av_one_third  avia-builder-el-5  el_before_av_one_third  avia-builder-el-first  first no_margin flex_column_table_cell av-equal-height-column av-align-top  '     ><\/div>\n<style type=\"text\/css\" data-created_by=\"avia_inline_auto\" id=\"style-css-av-36owea-a621d966c9bdd4e5efcc731e3c64a786\">\n#top .flex_column_table.av-equal-height-column-flextable.av-36owea-a621d966c9bdd4e5efcc731e3c64a786{\nmargin-top:-200px;\nmargin-bottom:0px;\n}\n.flex_column.av-36owea-a621d966c9bdd4e5efcc731e3c64a786{\nborder-radius:0px 0px 0px 0px;\npadding:40px 40px 40px 40px;\nbackground-color:#c8e6d2;\n}\n<\/style>\n<div  class='flex_column av-36owea-a621d966c9bdd4e5efcc731e3c64a786 av_one_third  avia-builder-el-6  el_after_av_one_third  el_before_av_one_third  no_margin flex_column_table_cell av-equal-height-column av-align-top  '     ><p>\n<style type=\"text\/css\" data-created_by=\"avia_inline_auto\" id=\"style-css-av-31ak96-fff0ca49b8ac301efbae8c92c0d8e2d6\">\n.av_font_icon.av-31ak96-fff0ca49b8ac301efbae8c92c0d8e2d6{\ncolor:#ffffff;\nborder-color:#ffffff;\n}\n.avia-svg-icon.av-31ak96-fff0ca49b8ac301efbae8c92c0d8e2d6 svg:first-child{\nstroke:#ffffff;\nfill:#ffffff;\n}\n.av_font_icon.av-31ak96-fff0ca49b8ac301efbae8c92c0d8e2d6 .av-icon-char{\nfont-size:60px;\nline-height:60px;\n}\n<\/style>\n<span  class='av_font_icon av-31ak96-fff0ca49b8ac301efbae8c92c0d8e2d6 avia_animate_when_visible av-icon-style- avia-icon-pos-center avia-iconfont avia-font-medical avia-icon-animate'><span class='av-icon-char' data-av_icon='\uf106' data-av_iconfont='medical' aria-hidden=\"true\" ><\/span><\/span><br \/>\n\n<style type=\"text\/css\" data-created_by=\"avia_inline_auto\" id=\"style-css-av-2xaldu-e6db00254b813ef2a18fa60160df9a0f\">\n#top .hr.hr-invisible.av-2xaldu-e6db00254b813ef2a18fa60160df9a0f{\nheight:20px;\n}\n<\/style>\n<div  class='hr av-2xaldu-e6db00254b813ef2a18fa60160df9a0f hr-invisible  avia-builder-el-8  el_after_av_font_icon  el_before_av_textblock '><span class='hr-inner '><span class=\"hr-inner-style\"><\/span><\/span><\/div><br \/>\n\n<style type=\"text\/css\" data-created_by=\"avia_inline_auto\" id=\"style-css-av-2smvkq-a9ab96b35db96f57d2693efa255ffa8a\">\n#top .av_textblock_section.av-2smvkq-a9ab96b35db96f57d2693efa255ffa8a .avia_textblock{\ncolor:#ffffff;\n}\n<\/style>\n<section  class='av_textblock_section av-2smvkq-a9ab96b35db96f57d2693efa255ffa8a '   itemscope=\"itemscope\" itemtype=\"https:\/\/schema.org\/CreativeWork\" ><div class='avia_textblock av_inherit_color'  itemprop=\"text\" ><h4 style=\"text-align: center;\">Kontakt<\/h4>\n<p style=\"text-align: center;\">Vielleicht kann ich Deine Fragen beantworten<\/p>\n<\/div><\/section><br \/>\n\n<style type=\"text\/css\" data-created_by=\"avia_inline_auto\" id=\"style-css-av-2k722q-1b520c8807031e038a631f590fdf4a83\">\n#top .hr.hr-invisible.av-2k722q-1b520c8807031e038a631f590fdf4a83{\nheight:8px;\n}\n<\/style>\n<div  class='hr av-2k722q-1b520c8807031e038a631f590fdf4a83 hr-invisible  avia-builder-el-10  el_after_av_textblock  avia-builder-el-last '><span class='hr-inner '><span class=\"hr-inner-style\"><\/span><\/span><\/div><\/p><\/div>\n<style type=\"text\/css\" data-created_by=\"avia_inline_auto\" id=\"style-css-av-2dptgy-9e88d814e0959b2a5c5bfcf9ed385c94\">\n#top .flex_column_table.av-equal-height-column-flextable.av-2dptgy-9e88d814e0959b2a5c5bfcf9ed385c94{\nmargin-top:-200px;\nmargin-bottom:0px;\n}\n.flex_column.av-2dptgy-9e88d814e0959b2a5c5bfcf9ed385c94{\nborder-radius:0px 0px 0px 0px;\npadding:40px 40px 40px 40px;\n}\n<\/style>\n<div  class='flex_column av-2dptgy-9e88d814e0959b2a5c5bfcf9ed385c94 av_one_third  avia-builder-el-11  el_after_av_one_third  el_before_av_one_half  no_margin flex_column_table_cell av-equal-height-column av-align-top  '     ><\/div><\/div><!--close column table wrapper. Autoclose: 1 -->\n<style type=\"text\/css\" data-created_by=\"avia_inline_auto\" id=\"style-css-av-2aeuai-c97da7fe26da5abaa7f262ec83eeea2b\">\n.flex_column.av-2aeuai-c97da7fe26da5abaa7f262ec83eeea2b{\nborder-radius:0px 0px 0px 0px;\npadding:0px 0px 0px 0px;\n}\n<\/style>\n<div  class='flex_column av-2aeuai-c97da7fe26da5abaa7f262ec83eeea2b av_one_half  avia-builder-el-12  el_after_av_one_third  el_before_av_one_half  first flex_column_div av-animated-generic bottom-to-top av-zero-column-padding  column-top-margin'     ><p>\n<style type=\"text\/css\" data-created_by=\"avia_inline_auto\" id=\"style-css-av-21rl1m-d13ce253805001cb9f77be5fdfc5f8ff\">\n#top .av-special-heading.av-21rl1m-d13ce253805001cb9f77be5fdfc5f8ff{\npadding-bottom:20px;\nfont-size:34px;\n}\nbody .av-special-heading.av-21rl1m-d13ce253805001cb9f77be5fdfc5f8ff .av-special-heading-tag .heading-char{\nfont-size:25px;\n}\n#top #wrap_all .av-special-heading.av-21rl1m-d13ce253805001cb9f77be5fdfc5f8ff .av-special-heading-tag{\nfont-size:34px;\n}\n.av-special-heading.av-21rl1m-d13ce253805001cb9f77be5fdfc5f8ff .av-subheading{\nfont-size:15px;\n}\n\n@media only screen and (min-width: 480px) and (max-width: 767px){ \n#top #wrap_all .av-special-heading.av-21rl1m-d13ce253805001cb9f77be5fdfc5f8ff .av-special-heading-tag{\nfont-size:0.8em;\n}\n}\n\n@media only screen and (max-width: 479px){ \n#top #wrap_all .av-special-heading.av-21rl1m-d13ce253805001cb9f77be5fdfc5f8ff .av-special-heading-tag{\nfont-size:0.8em;\n}\n}\n<\/style>\n<div  class='av-special-heading av-21rl1m-d13ce253805001cb9f77be5fdfc5f8ff av-special-heading-h3 blockquote modern-quote  avia-builder-el-13  el_before_av_contact  avia-builder-el-first  av-inherit-size'><div class='av-subheading av-subheading_above'><p>Du hast eine Frage, oder ben\u00f6tigst Hilfe?<\/p>\n<\/div><h3 class='av-special-heading-tag '  itemprop=\"headline\"  >Dann benutze dieses Formular<\/h3><div class=\"special-heading-border\"><div class=\"special-heading-inner-border\"><\/div><\/div><\/div><br \/>\n<form action=\"https:\/\/www.rinowweb.de\/maschol\/kundeninfo\/kontakt\/\" method=\"post\" data-fields-with-error=\"Fehler wurden in folgenden Feld(ern) gefunden:\" class=\"avia_ajax_form av-form-labels-hidden   avia-builder-el-14  el_after_av_heading  avia-builder-el-last   \" data-avia-form-id=\"1\" data-avia-redirect='' ><fieldset><p class='  first_form  form_element form_element_half' id='element_avia_1_1'><label for=\"avia_1_1\">Name <abbr class=\"required\" title=\"ben\u00f6tigt\">*<\/abbr><\/label> <input name=\"avia_1_1\" class=\"text_input is_empty\" type=\"text\" id=\"avia_1_1\" value=\"\"  placeholder='Name*'\/><\/p><p class='  form_element form_element_half' id='element_avia_2_1'><label for=\"avia_2_1\">E-Mail <abbr class=\"required\" title=\"ben\u00f6tigt\">*<\/abbr><\/label> <input name=\"avia_2_1\" class=\"text_input is_email\" type=\"text\" id=\"avia_2_1\" value=\"\"  placeholder='E-Mail*'\/><\/p><p class='  first_form  form_element form_fullwidth' id='element_avia_3_1'><label for=\"avia_3_1\">Land ausw\u00e4hlen <abbr class=\"required\" title=\"ben\u00f6tigt\">*<\/abbr><\/label><select  name=\"avia_3_1\" class=\"select is_empty\" id=\"avia_3_1\"><option class=\"av-placeholder\" disabled=\"disabled\" selected=\"selected\" value=''>Land ausw\u00e4hlen*<\/option><option   value='Deutschland'>Deutschland<\/option><option   value='\u00d6sterreich'>\u00d6sterreich<\/option><option   value='Niederlande'>Niederlande<\/option><option   value='Beldien'>Beldien<\/option><option   value='Luxemburg'>Luxemburg<\/option><option   value='Schweiz'>Schweiz<\/option><\/select><\/p><p class='  first_form  form_element form_fullwidth' id='element_avia_4_1'><label for=\"avia_4_1\">Betreff: <abbr class=\"required\" title=\"ben\u00f6tigt\">*<\/abbr><\/label> <input name=\"avia_4_1\" class=\"text_input is_empty\" type=\"text\" id=\"avia_4_1\" value=\"\"  placeholder='Betreff:*'\/><\/p><p class='  first_form  form_element form_fullwidth' id='element_avia_5_1'><label for=\"avia_5_1\" class=\"textare_label hidden textare_label_avia_5_1\">Deine Nachricht <abbr class=\"required\" title=\"ben\u00f6tigt\">*<\/abbr><\/label><textarea  placeholder='Deine Nachricht*' name=\"avia_5_1\" class=\"text_area is_empty\" cols=\"40\" rows=\"7\" id=\"avia_5_1\" ><\/textarea><\/p><p class='  first_form  form_element form_fullwidth' id='element_avia_6_1'><input checked=\"checked\" name=\"avia_6_1\" class=\"input_checkbox \" type=\"checkbox\" id=\"avia_6_1\" value=\"true\"\/><label class=\"input_checkbox_label\" for=\"avia_6_1\">DSGVO-Einverst\u00e4ndnis * Ich willige ein, dass diese Website meine \u00fcbermittelten Informationen speichert, sodass meine Anfrage beantwortet werden kann.<\/label><\/p><p class=\"hidden\"><input type=\"text\" name=\"avia_7_1\" class=\"hidden \" id=\"avia_7_1\" value=\"\" \/><\/p><p class='   form_element form_fullwidth av-last-visible-form-element' id='element_avia_8_1'><span class='value_verifier_label'>4 + 4 = ?<\/span><input name=\"avia_8_1_verifier\" type=\"hidden\" id=\"avia_8_1_verifier\" value=\"721787374\"\/><label for=\"avia_8_1\">Bitte l\u00f6se die Gleichung. Diese Ma\u00dfnahme dient der Abwehr von Spam <abbr class=\"required\" title=\"ben\u00f6tigt\">*<\/abbr><\/label><input name=\"avia_8_1\" class=\"text_input captcha\" type=\"text\" id=\"avia_8_1\" value=\"\"\/><\/p><p class=' av_form_privacy_check av_contact_privacy_check first_form  form_element form_fullwidth' id='element_avia_9_1'><input  name=\"avia_9_1\" class=\"input_checkbox is_empty\" type=\"checkbox\" id=\"avia_9_1\" value=\"true\"\/><label class=\"input_checkbox_label\" for=\"avia_9_1\">Ich stimme den Bedingungen der <a href='https:\/\/www.rinowweb.de\/maschol\/kundeninfo\/datenschutz\/' target='_blank'>Datenschutzerkl\u00e4rung<\/a> zu <abbr class=\"required\" title=\"ben\u00f6tigt\">*<\/abbr><\/label><\/p><p class=\"form_element \"><input type=\"hidden\" value=\"1\" name=\"avia_generated_form1\" \/><input type=\"submit\" value=\"Abschicken\" class=\"button\"  data-sending-label=\"Sende\"\/><\/p><\/fieldset><\/form><div id=\"ajaxresponse_1\" class=\"ajaxresponse ajaxresponse_1 hidden\"><\/div><\/p><\/div>\n<style type=\"text\/css\" data-created_by=\"avia_inline_auto\" id=\"style-css-av-2rmdu-6ba2d797a6b373f7cbf42c11d2765b0b\">\n.flex_column.av-2rmdu-6ba2d797a6b373f7cbf42c11d2765b0b{\nborder-radius:0px 0px 0px 0px;\npadding:0px 0px 0px 0px;\n}\n<\/style>\n<div  class='flex_column av-2rmdu-6ba2d797a6b373f7cbf42c11d2765b0b av_one_half  avia-builder-el-15  el_after_av_one_half  avia-builder-el-last  flex_column_div av-animated-generic bottom-to-top av-zero-column-padding  column-top-margin'     ><p>\n<style type=\"text\/css\" data-created_by=\"avia_inline_auto\" id=\"style-css-av-1x3ma-8b182c26e85b85b4f0858ae8d5d5eb2d\">\n#top .av-special-heading.av-1x3ma-8b182c26e85b85b4f0858ae8d5d5eb2d{\npadding-bottom:20px;\nfont-size:34px;\n}\nbody .av-special-heading.av-1x3ma-8b182c26e85b85b4f0858ae8d5d5eb2d .av-special-heading-tag .heading-char{\nfont-size:25px;\n}\n#top #wrap_all .av-special-heading.av-1x3ma-8b182c26e85b85b4f0858ae8d5d5eb2d .av-special-heading-tag{\nfont-size:34px;\n}\n.av-special-heading.av-1x3ma-8b182c26e85b85b4f0858ae8d5d5eb2d .av-subheading{\nfont-size:15px;\n}\n\n@media only screen and (min-width: 480px) and (max-width: 767px){ \n#top #wrap_all .av-special-heading.av-1x3ma-8b182c26e85b85b4f0858ae8d5d5eb2d .av-special-heading-tag{\nfont-size:0.8em;\n}\n}\n\n@media only screen and (max-width: 479px){ \n#top #wrap_all .av-special-heading.av-1x3ma-8b182c26e85b85b4f0858ae8d5d5eb2d .av-special-heading-tag{\nfont-size:0.8em;\n}\n}\n<\/style>\n<div  class='av-special-heading av-1x3ma-8b182c26e85b85b4f0858ae8d5d5eb2d av-special-heading-h3 blockquote modern-quote  avia-builder-el-16  el_before_av_toggle_container  avia-builder-el-first  av-inherit-size'><div class='av-subheading av-subheading_above'><p>Vielleicht habe ich schon hier eine Antwort<\/p>\n<\/div><h3 class='av-special-heading-tag '  itemprop=\"headline\"  >H\u00e4ufig gestellte Fragen<\/h3><div class=\"special-heading-border\"><div class=\"special-heading-inner-border\"><\/div><\/div><\/div><br \/>\n<div  class='togglecontainer av-kw9h920b-1caf6582820b741040fb6112e94eab2d  avia-builder-el-17  el_after_av_heading  avia-builder-el-last  toggle_close_all' >\n<section class='av_toggle_section av-kw9h3f8g-31be76c9842c7c3d036852168e220d7c'  itemscope=\"itemscope\" itemtype=\"https:\/\/schema.org\/CreativeWork\" ><div role=\"tablist\" class=\"single_toggle\" data-tags=\"{Alle} \"  ><p id='toggle-toggle-id-1' data-fake-id='#toggle-id-1' class='toggler  av-title-above '  itemprop=\"headline\"  role='tab' tabindex='0' aria-controls='toggle-id-1' data-slide-speed=\"200\" data-title=\"Fragen vor dem Kauf\" data-title-open=\"\" data-aria_collapsed=\"Click to expand: Fragen vor dem Kauf\" data-aria_expanded=\"Click to collapse: Fragen vor dem Kauf\">Fragen vor dem Kauf<span class=\"toggle_icon\"><span class=\"vert_icon\"><\/span><span class=\"hor_icon\"><\/span><\/span><\/p><div id='toggle-id-1' aria-labelledby='toggle-toggle-id-1' role='region' class='toggle_wrap  av-title-above'  ><div class='toggle_content invers-color '  itemprop=\"text\" ><p>Wollen Sie einen Artikel kaufen, sind sich aber nicht \u00fcber alle M\u00f6glichkeiten, Handhabungen, Gr\u00f6\u00dfen, etc sicher? So benutzen Sie bitte das untenstehende Formular, um Ihre Frage zu stellen. Ich werde so bald wie m\u00f6glich antworten!.<\/p>\n<\/div><\/div><\/div><\/section>\n<section class='av_toggle_section av-kw9h4bgi-e8d8a467c08c34ee7d1f5bd23e51fecc'  itemscope=\"itemscope\" itemtype=\"https:\/\/schema.org\/CreativeWork\" ><div role=\"tablist\" class=\"single_toggle\" data-tags=\"{Alle} \"  ><p id='toggle-toggle-id-2' data-fake-id='#toggle-id-2' class='toggler  av-title-above '  itemprop=\"headline\"  role='tab' tabindex='0' aria-controls='toggle-id-2' data-slide-speed=\"200\" data-title=\"Welche Zahlungsarten gibt es?\" data-title-open=\"\" data-aria_collapsed=\"Click to expand: Welche Zahlungsarten gibt es?\" data-aria_expanded=\"Click to collapse: Welche Zahlungsarten gibt es?\">Welche Zahlungsarten gibt es?<span class=\"toggle_icon\"><span class=\"vert_icon\"><\/span><span class=\"hor_icon\"><\/span><\/span><\/p><div id='toggle-id-2' aria-labelledby='toggle-toggle-id-2' role='region' class='toggle_wrap  av-title-above'  ><div class='toggle_content invers-color '  itemprop=\"text\" ><p>Vorauskasse mit Wunsch Bank\u00fcberwesung. Sofort bei der Bestellung k\u00f6nnen Sie zahlen mit \u201ePayPal\u201c sowie \u201eKreditkarte\u201c wie Mastercard \u2013 Visa<\/p>\n<\/div><\/div><\/div><\/section>\n<section class='av_toggle_section av-kw9h4zvy-ee763d5296917546545845cbb617773e'  itemscope=\"itemscope\" itemtype=\"https:\/\/schema.org\/CreativeWork\" ><div role=\"tablist\" class=\"single_toggle\" data-tags=\"{Alle} \"  ><p id='toggle-toggle-id-3' data-fake-id='#toggle-id-3' class='toggler  av-title-above '  itemprop=\"headline\"  role='tab' tabindex='0' aria-controls='toggle-id-3' data-slide-speed=\"200\" data-title=\"Dauer der Lieferung\" data-title-open=\"\" data-aria_collapsed=\"Click to expand: Dauer der Lieferung\" data-aria_expanded=\"Click to collapse: Dauer der Lieferung\">Dauer der Lieferung<span class=\"toggle_icon\"><span class=\"vert_icon\"><\/span><span class=\"hor_icon\"><\/span><\/span><\/p><div id='toggle-id-3' aria-labelledby='toggle-toggle-id-3' role='region' class='toggle_wrap  av-title-above'  ><div class='toggle_content invers-color '  itemprop=\"text\" ><p>Nach Zahlungseingang bis 14 Uhr geht die Ware noch am selben zur Post. Bei N\u00e4hauftr\u00e4gen steht die Lieferzeit am Artikel<\/p>\n<\/div><\/div><\/div><\/section>\n<section class='av_toggle_section av-kw9h6gi1-f26151e8a926edface8b765259ad467d'  itemscope=\"itemscope\" itemtype=\"https:\/\/schema.org\/CreativeWork\" ><div role=\"tablist\" class=\"single_toggle\" data-tags=\"{Alle} \"  ><p id='toggle-toggle-id-4' data-fake-id='#toggle-id-4' class='toggler  av-title-above '  itemprop=\"headline\"  role='tab' tabindex='0' aria-controls='toggle-id-4' data-slide-speed=\"200\" data-title=\"Sicherheit im Shop. Sind meine Daten gesch\u00fctzt?\" data-title-open=\"\" data-aria_collapsed=\"Click to expand: Sicherheit im Shop. Sind meine Daten gesch\u00fctzt?\" data-aria_expanded=\"Click to collapse: Sicherheit im Shop. Sind meine Daten gesch\u00fctzt?\">Sicherheit im Shop. Sind meine Daten gesch\u00fctzt?<span class=\"toggle_icon\"><span class=\"vert_icon\"><\/span><span class=\"hor_icon\"><\/span><\/span><\/p><div id='toggle-id-4' aria-labelledby='toggle-toggle-id-4' role='region' class='toggle_wrap  av-title-above'  ><div class='toggle_content invers-color '  itemprop=\"text\" ><p>Der Einkauf in meinem Shop erfolgt \u00fcber eine gesicherte Internetverbindung. Erkennbar an \u201ehttps\u201c.<br \/>\nZum Datenschutz lesen Sie bitte meine Datenschutzrichtlinie<\/p>\n<\/div><\/div><\/div><\/section>\n<section class='av_toggle_section av-kw9h78yc-8b47e07699efbb9e17a372c9fbe89b3e'  itemscope=\"itemscope\" itemtype=\"https:\/\/schema.org\/CreativeWork\" ><div role=\"tablist\" class=\"single_toggle\" data-tags=\"{Alle} \"  ><p id='toggle-toggle-id-5' data-fake-id='#toggle-id-5' class='toggler  av-title-above '  itemprop=\"headline\"  role='tab' tabindex='0' aria-controls='toggle-id-5' data-slide-speed=\"200\" data-title=\"Was passiert genau nach der Bestellung?\" data-title-open=\"\" data-aria_collapsed=\"Click to expand: Was passiert genau nach der Bestellung?\" data-aria_expanded=\"Click to collapse: Was passiert genau nach der Bestellung?\">Was passiert genau nach der Bestellung?<span class=\"toggle_icon\"><span class=\"vert_icon\"><\/span><span class=\"hor_icon\"><\/span><\/span><\/p><div id='toggle-id-5' aria-labelledby='toggle-toggle-id-5' role='region' class='toggle_wrap  av-title-above'  ><div class='toggle_content invers-color '  itemprop=\"text\" ><p>Fertig gen\u00e4hte Ware wird vor dem Versand noch einmal \u00fcberpr\u00fcft und evtl. noch einmal geb\u00fcgelt.<\/p>\n<\/div><\/div><\/div><\/section>\n<section class='av_toggle_section av-kw9h825l-c1d5fafb413e7f2b0f43a26a25985719'  itemscope=\"itemscope\" itemtype=\"https:\/\/schema.org\/CreativeWork\" ><div role=\"tablist\" class=\"single_toggle\" data-tags=\"{Alle} \"  ><p id='toggle-toggle-id-6' data-fake-id='#toggle-id-6' class='toggler  av-title-above '  itemprop=\"headline\"  role='tab' tabindex='0' aria-controls='toggle-id-6' data-slide-speed=\"200\" data-title=\"Erhalte ich eine Rechnung f\u00fcr meine Bestellung?\" data-title-open=\"\" data-aria_collapsed=\"Click to expand: Erhalte ich eine Rechnung f\u00fcr meine Bestellung?\" data-aria_expanded=\"Click to collapse: Erhalte ich eine Rechnung f\u00fcr meine Bestellung?\">Erhalte ich eine Rechnung f\u00fcr meine Bestellung?<span class=\"toggle_icon\"><span class=\"vert_icon\"><\/span><span class=\"hor_icon\"><\/span><\/span><\/p><div id='toggle-id-6' aria-labelledby='toggle-toggle-id-6' role='region' class='toggle_wrap  av-title-above'  ><div class='toggle_content invers-color '  itemprop=\"text\" ><p>Eine Rechnung liegt der Sendung immer bei<\/p>\n<\/div><\/div><\/div><\/section>\n<\/div><\/p><\/div><\/div><\/div><\/div><!-- close content main div --><\/div><\/div><div id='after_section_1'  class='main_color av_default_container_wrap container_wrap sidebar_right'  ><div class='container av-section-cont-open' ><div class='template-page content  av-content-small alpha units'><div class='post-entry post-entry-type-page post-entry-954'><div class='entry-content-wrapper clearfix'>\n","protected":false},"excerpt":{"rendered":"<p>Kontakt zu MaSchOl &#8211; Marianne n\u00e4ht<\/p>\n","protected":false},"author":1,"featured_media":0,"parent":1135,"menu_order":0,"comment_status":"closed","ping_status":"closed","template":"","meta":{"footnotes":""},"class_list":["post-954","page","type-page","status-publish","hentry"],"_links":{"self":[{"href":"https:\/\/www.rinowweb.de\/maschol\/wp-json\/wp\/v2\/pages\/954","targetHints":{"allow":["GET"]}}],"collection":[{"href":"https:\/\/www.rinowweb.de\/maschol\/wp-json\/wp\/v2\/pages"}],"about":[{"href":"https:\/\/www.rinowweb.de\/maschol\/wp-json\/wp\/v2\/types\/page"}],"author":[{"embeddable":true,"href":"https:\/\/www.rinowweb.de\/maschol\/wp-json\/wp\/v2\/users\/1"}],"replies":[{"embeddable":true,"href":"https:\/\/www.rinowweb.de\/maschol\/wp-json\/wp\/v2\/comments?post=954"}],"version-history":[{"count":0,"href":"https:\/\/www.rinowweb.de\/maschol\/wp-json\/wp\/v2\/pages\/954\/revisions"}],"up":[{"embeddable":true,"href":"https:\/\/www.rinowweb.de\/maschol\/wp-json\/wp\/v2\/pages\/1135"}],"wp:attachment":[{"href":"https:\/\/www.rinowweb.de\/maschol\/wp-json\/wp\/v2\/media?parent=954"}],"curies":[{"name":"wp","href":"https:\/\/api.w.org\/{rel}","templated":true}]}}